{"id":118,"date":"2019-11-05T13:50:09","date_gmt":"2019-11-05T13:50:09","guid":{"rendered":"https:\/\/www.epistel.se\/?page_id=118"},"modified":"2019-12-02T11:07:14","modified_gmt":"2019-12-02T11:07:14","slug":"sa-har-funkar-sidan","status":"publish","type":"page","link":"https:\/\/www.epistel.se\/?page_id=118","title":{"rendered":"S\u00e5 h\u00e4r funkar sidan"},"content":{"rendered":"\n<p>Du kan hitta alla s\u00e5ngerna f\u00f6r varje helgdag genom att g\u00e5 till menyn l\u00e4ngst upp eller l\u00e4ngs ner p\u00e5 sidan och klicka p\u00e5 \u201dS\u00e5nger\u201d.<\/p>\n\n\n\n<p>Du kan \u00e4ven s\u00f6ka efter teman som s\u00e5ngerna tar upp, genom att skriva fritt i s\u00f6kf\u00e4ltet.<\/p>\n\n\n\n<p>N\u00e4r du hittat en s\u00e5ng kan du klicka f\u00f6r att lyssna p\u00e5 den, kika direkt p\u00e5 en notbild, eller klicka p\u00e5 notbilden f\u00f6r att \u00f6ppna den i ett nytt f\u00f6nster.<\/p>\n\n\n\n<p>Vissa av s\u00e5ngerna finns ocks\u00e5 utgivna p\u00e5 Gehrmans musikf\u00f6rlag. I de fallen finns en knapp som tar dig direkt till noten i deras webshop.<\/p>\n","protected":false},"excerpt":{"rendered":"<p>Du kan hitta alla s\u00e5ngerna f\u00f6r varje helgdag genom att g\u00e5 till menyn l\u00e4ngst upp eller l\u00e4ngs ner p\u00e5 sidan och klicka p\u00e5 \u201dS\u00e5nger\u201d. Du kan \u00e4ven s\u00f6ka efter teman som s\u00e5ngerna tar upp, genom att skriva fritt i s\u00f6kf\u00e4ltet. N\u00e4r du hittat en s\u00e5ng kan du klicka f\u00f6r att lyssna p\u00e5 den, kika direkt [&hellip;]<\/p>\n","protected":false},"author":1,"featured_media":0,"parent":0,"menu_order":0,"comment_status":"closed","ping_status":"closed","template":"","meta":{"spay_email":""},"categories":[],"tags":[],"_links":{"self":[{"href":"https:\/\/www.epistel.se\/index.php?rest_route=\/wp\/v2\/pages\/118"}],"collection":[{"href":"https:\/\/www.epistel.se\/index.php?rest_route=\/wp\/v2\/pages"}],"about":[{"href":"https:\/\/www.epistel.se\/index.php?rest_route=\/wp\/v2\/types\/page"}],"author":[{"embeddable":true,"href":"https:\/\/www.epistel.se\/index.php?rest_route=\/wp\/v2\/users\/1"}],"replies":[{"embeddable":true,"href":"https:\/\/www.epistel.se\/index.php?rest_route=%2Fwp%2Fv2%2Fcomments&post=118"}],"version-history":[{"count":4,"href":"https:\/\/www.epistel.se\/index.php?rest_route=\/wp\/v2\/pages\/118\/revisions"}],"predecessor-version":[{"id":152,"href":"https:\/\/www.epistel.se\/index.php?rest_route=\/wp\/v2\/pages\/118\/revisions\/152"}],"wp:attachment":[{"href":"https:\/\/www.epistel.se\/index.php?rest_route=%2Fwp%2Fv2%2Fmedia&parent=118"}],"wp:term":[{"taxonomy":"category","embeddable":true,"href":"https:\/\/www.epistel.se\/index.php?rest_route=%2Fwp%2Fv2%2Fcategories&post=118"},{"taxonomy":"post_tag","embeddable":true,"href":"https:\/\/www.epistel.se\/index.php?rest_route=%2Fwp%2Fv2%2Ftags&post=118"}],"curies":[{"name":"wp","href":"https:\/\/api.w.org\/{rel}","templated":true}]}}