{"id":280,"date":"2020-03-16T12:43:24","date_gmt":"2020-03-16T12:43:24","guid":{"rendered":"https:\/\/www.epistel.se\/?page_id=280"},"modified":"2020-03-16T12:43:25","modified_gmt":"2020-03-16T12:43:25","slug":"upphojd-over-himlarna","status":"publish","type":"page","link":"https:\/\/www.epistel.se\/?page_id=280","title":{"rendered":"Upph\u00f6jd \u00f6ver himlarna"},"content":{"rendered":"\n<p><em>Femte s\u00f6ndagen i Fastan |Inspirerad av Hebreerbrevet 7:24-26<\/em><\/p>\n\n\n\n<p><\/p>\n\n\n\n<p>Du \u00e4r till i evighet.<br>\u00d6verallt och alltid.<br>Jesus, du \u00e4r den som vet<br>vad min dag beh\u00f6ver.<\/p>\n\n\n\n<p>Du g\u00e5r kl\u00e4dd i helighet.<br>\u00d6verallt och alltid.<br>Jesus, du \u00e4r den som vet<br>vad mitt jag beh\u00f6ver.<\/p>\n\n\n\n<p>Upph\u00f6jd \u00f6ver himlarna \u00e4r du \u00e4nd\u00e5 h\u00e4r,<br>ber f\u00f6r mig och \u00e4lskar mig, ser mig som jag \u00e4r.<br>Upph\u00f6jd \u00f6ver himlarna, n\u00e4ra mig \u00e4nd\u00e5.<br>Du \u00e4r den f\u00f6rsonare livet v\u00e4ntat p\u00e5.<\/p>\n\n\n\n<p>Du \u00e4r all r\u00e4ttf\u00e4rdighet.<br>\u00d6verallt och alltid.<br>Jesus, du \u00e4r den som vet<br>vad min dag beh\u00f6ver.<\/p>\n\n\n\n<p>Du \u00e4r all n\u00f6dv\u00e4ndighet.<br>\u00d6verallt och alltid.<br>Jesus, du \u00e4r den som vet<br>vad mitt jag beh\u00f6ver.<\/p>\n\n\n\n<p>Upph\u00f6jd \u00f6ver himlarna \u00e4r du \u00e4nd\u00e5 h\u00e4r,<br>ber f\u00f6r mig och \u00e4lskar mig, ser mig som jag \u00e4r.<br>Upph\u00f6jd \u00f6ver himlarna, n\u00e4ra mig \u00e4nd\u00e5.<br>Du \u00e4r den f\u00f6rsonare som livet v\u00e4ntat p\u00e5.<\/p>\n\n\n\n<figure class=\"wp-block-audio\"><audio controls src=\"https:\/\/www.epistel.se\/wp-content\/uploads\/2020\/03\/Upphojd_over_himlarna.mp3\"><\/audio><\/figure>\n\n\n\n<figure class=\"wp-block-image size-large\"><img decoding=\"async\" loading=\"lazy\" width=\"683\" height=\"1024\" src=\"https:\/\/www.epistel.se\/wp-content\/uploads\/2020\/03\/Upphojd_over_himlarna-683x1024.jpg\" alt=\"\" class=\"wp-image-282\" srcset=\"https:\/\/www.epistel.se\/wp-content\/uploads\/2020\/03\/Upphojd_over_himlarna-683x1024.jpg 683w, https:\/\/www.epistel.se\/wp-content\/uploads\/2020\/03\/Upphojd_over_himlarna-200x300.jpg 200w, https:\/\/www.epistel.se\/wp-content\/uploads\/2020\/03\/Upphojd_over_himlarna-768x1152.jpg 768w, https:\/\/www.epistel.se\/wp-content\/uploads\/2020\/03\/Upphojd_over_himlarna-1024x1536.jpg 1024w, https:\/\/www.epistel.se\/wp-content\/uploads\/2020\/03\/Upphojd_over_himlarna-1366x2048.jpg 1366w, https:\/\/www.epistel.se\/wp-content\/uploads\/2020\/03\/Upphojd_over_himlarna-766x1149.jpg 766w, https:\/\/www.epistel.se\/wp-content\/uploads\/2020\/03\/Upphojd_over_himlarna-scaled.jpg 1707w\" sizes=\"(max-width: 683px) 100vw, 683px\" \/><\/figure>\n","protected":false},"excerpt":{"rendered":"<p>Femte s\u00f6ndagen i Fastan |Inspirerad av Hebreerbrevet 7:24-26 Du \u00e4r till i evighet.\u00d6verallt och alltid.Jesus, du \u00e4r den som vetvad min dag beh\u00f6ver. Du g\u00e5r kl\u00e4dd i helighet.\u00d6verallt och alltid.Jesus, du \u00e4r den som vetvad mitt jag beh\u00f6ver. Upph\u00f6jd \u00f6ver himlarna \u00e4r du \u00e4nd\u00e5 h\u00e4r,ber f\u00f6r mig och \u00e4lskar mig, ser mig som jag \u00e4r.Upph\u00f6jd [&hellip;]<\/p>\n","protected":false},"author":2,"featured_media":0,"parent":0,"menu_order":0,"comment_status":"closed","ping_status":"closed","template":"","meta":{"spay_email":""},"categories":[10],"tags":[29,56,30],"_links":{"self":[{"href":"https:\/\/www.epistel.se\/index.php?rest_route=\/wp\/v2\/pages\/280"}],"collection":[{"href":"https:\/\/www.epistel.se\/index.php?rest_route=\/wp\/v2\/pages"}],"about":[{"href":"https:\/\/www.epistel.se\/index.php?rest_route=\/wp\/v2\/types\/page"}],"author":[{"embeddable":true,"href":"https:\/\/www.epistel.se\/index.php?rest_route=\/wp\/v2\/users\/2"}],"replies":[{"embeddable":true,"href":"https:\/\/www.epistel.se\/index.php?rest_route=%2Fwp%2Fv2%2Fcomments&post=280"}],"version-history":[{"count":1,"href":"https:\/\/www.epistel.se\/index.php?rest_route=\/wp\/v2\/pages\/280\/revisions"}],"predecessor-version":[{"id":283,"href":"https:\/\/www.epistel.se\/index.php?rest_route=\/wp\/v2\/pages\/280\/revisions\/283"}],"wp:attachment":[{"href":"https:\/\/www.epistel.se\/index.php?rest_route=%2Fwp%2Fv2%2Fmedia&parent=280"}],"wp:term":[{"taxonomy":"category","embeddable":true,"href":"https:\/\/www.epistel.se\/index.php?rest_route=%2Fwp%2Fv2%2Fcategories&post=280"},{"taxonomy":"post_tag","embeddable":true,"href":"https:\/\/www.epistel.se\/index.php?rest_route=%2Fwp%2Fv2%2Ftags&post=280"}],"curies":[{"name":"wp","href":"https:\/\/api.w.org\/{rel}","templated":true}]}}