{"id":340,"date":"2020-04-17T06:56:31","date_gmt":"2020-04-17T06:56:31","guid":{"rendered":"https:\/\/www.epistel.se\/?page_id=340"},"modified":"2020-04-17T06:56:32","modified_gmt":"2020-04-17T06:56:32","slug":"harlighetens-ursprung","status":"publish","type":"page","link":"https:\/\/www.epistel.se\/?page_id=340","title":{"rendered":"H\u00e4rlighetens ursprung"},"content":{"rendered":"\n<h3>Kristi himmelsf\u00e4rds dag | Herre \u00f6ver allting<\/h3>\n\n\n\n<p><em>Inspirerad av Efesierbrevet 1:17-23<\/em><\/p>\n\n\n\n<p>Du \u00e4r h\u00e4rlighetens ursprung<br>och din ande andas vishet.<br>Ge mitt inre \u00f6ga ljuset av ditt ljus.<\/p>\n\n\n\n<p>Du har kallat oss till hoppet,<br>till det heliga och helhet.<br>Du \u00e4r kraften, du \u00e4r styrkan, du \u00e4r Gud.<\/p>\n\n\n\n<p>Och i tid som \u00e4r och kommer<br>finns ett evighetens l\u00f6fte:<br>allt fullkomnas, allt fullkomnas i ditt nu.<\/p>\n\n\n\n<p>Du \u00e4r h\u00e4rlighetens ursprung<br>och din ande andas vishet.<br>Ge mitt inre \u00f6ga ljuset av ditt ljus.<\/p>\n\n\n\n<figure class=\"wp-block-audio\"><audio controls src=\"https:\/\/www.epistel.se\/wp-content\/uploads\/2020\/04\/Harlighetens_ursprung.mp3\"><\/audio><\/figure>\n\n\n\n<figure class=\"wp-block-image size-large\"><img decoding=\"async\" loading=\"lazy\" width=\"683\" height=\"1024\" src=\"https:\/\/www.epistel.se\/wp-content\/uploads\/2020\/04\/Harlighetens_ursprung-683x1024.jpg\" alt=\"\" class=\"wp-image-342\" srcset=\"https:\/\/www.epistel.se\/wp-content\/uploads\/2020\/04\/Harlighetens_ursprung-683x1024.jpg 683w, https:\/\/www.epistel.se\/wp-content\/uploads\/2020\/04\/Harlighetens_ursprung-200x300.jpg 200w, https:\/\/www.epistel.se\/wp-content\/uploads\/2020\/04\/Harlighetens_ursprung-768x1152.jpg 768w, https:\/\/www.epistel.se\/wp-content\/uploads\/2020\/04\/Harlighetens_ursprung-1024x1536.jpg 1024w, https:\/\/www.epistel.se\/wp-content\/uploads\/2020\/04\/Harlighetens_ursprung-1366x2048.jpg 1366w, https:\/\/www.epistel.se\/wp-content\/uploads\/2020\/04\/Harlighetens_ursprung-766x1149.jpg 766w, https:\/\/www.epistel.se\/wp-content\/uploads\/2020\/04\/Harlighetens_ursprung-scaled.jpg 1707w\" sizes=\"(max-width: 683px) 100vw, 683px\" \/><\/figure>\n","protected":false},"excerpt":{"rendered":"<p>Kristi himmelsf\u00e4rds dag | Herre \u00f6ver allting Inspirerad av Efesierbrevet 1:17-23 Du \u00e4r h\u00e4rlighetens ursprungoch din ande andas vishet.Ge mitt inre \u00f6ga ljuset av ditt ljus. Du har kallat oss till hoppet,till det heliga och helhet.Du \u00e4r kraften, du \u00e4r styrkan, du \u00e4r Gud. Och i tid som \u00e4r och kommerfinns ett evighetens l\u00f6fte:allt fullkomnas, [&hellip;]<\/p>\n","protected":false},"author":2,"featured_media":0,"parent":0,"menu_order":0,"comment_status":"closed","ping_status":"closed","template":"","meta":{"spay_email":""},"categories":[13],"tags":[68,36,64,19],"_links":{"self":[{"href":"https:\/\/www.epistel.se\/index.php?rest_route=\/wp\/v2\/pages\/340"}],"collection":[{"href":"https:\/\/www.epistel.se\/index.php?rest_route=\/wp\/v2\/pages"}],"about":[{"href":"https:\/\/www.epistel.se\/index.php?rest_route=\/wp\/v2\/types\/page"}],"author":[{"embeddable":true,"href":"https:\/\/www.epistel.se\/index.php?rest_route=\/wp\/v2\/users\/2"}],"replies":[{"embeddable":true,"href":"https:\/\/www.epistel.se\/index.php?rest_route=%2Fwp%2Fv2%2Fcomments&post=340"}],"version-history":[{"count":1,"href":"https:\/\/www.epistel.se\/index.php?rest_route=\/wp\/v2\/pages\/340\/revisions"}],"predecessor-version":[{"id":343,"href":"https:\/\/www.epistel.se\/index.php?rest_route=\/wp\/v2\/pages\/340\/revisions\/343"}],"wp:attachment":[{"href":"https:\/\/www.epistel.se\/index.php?rest_route=%2Fwp%2Fv2%2Fmedia&parent=340"}],"wp:term":[{"taxonomy":"category","embeddable":true,"href":"https:\/\/www.epistel.se\/index.php?rest_route=%2Fwp%2Fv2%2Fcategories&post=340"},{"taxonomy":"post_tag","embeddable":true,"href":"https:\/\/www.epistel.se\/index.php?rest_route=%2Fwp%2Fv2%2Ftags&post=340"}],"curies":[{"name":"wp","href":"https:\/\/api.w.org\/{rel}","templated":true}]}}