{"id":472,"date":"2020-09-29T06:42:09","date_gmt":"2020-09-29T06:42:09","guid":{"rendered":"https:\/\/www.epistel.se\/?page_id=472"},"modified":"2020-09-29T06:42:11","modified_gmt":"2020-09-29T06:42:11","slug":"vi-dukar-at-dig","status":"publish","type":"page","link":"https:\/\/www.epistel.se\/?page_id=472","title":{"rendered":"Vi dukar \u00e5t dig"},"content":{"rendered":"\n<h3>Tjugonde s\u00f6ndagen efter trefaldighet | att leva tillsammans<\/h3>\n\n\n\n<p><em>Inspirerad av Hebreerbrevet 13:2-3<\/em><\/p>\n\n\n\n<p><\/p>\n\n\n\n<p>Vi dukar \u00e5t dig n\u00e4r vi dukar v\u00e5rt bord.<br>Vi b\u00e4ddar \u00e5t dig inf\u00f6r natten.<br>Vi sk\u00f6rdar \u00e5t dig n\u00e4r vi sk\u00f6rdar v\u00e5r jord<br>och vi borrar \u00e5t dig efter vatten.<br>Vi delar v\u00e5r dag och v\u00e5r v\u00e4rme med dig.<br>Vi delar med dig v\u00e5ra t\u00e5rar.<br>Vi sitter i kylan n\u00e4r sn\u00f6n l\u00e4gger sig<br>och vi sjunger om eviga v\u00e5rar.<\/p>\n\n\n\n<p>Du dukar \u00e5t oss i ditt rike ett bord<br>och b\u00e4ddar \u00e5t oss inf\u00f6r natten.<br>Du sk\u00f6rdar \u00e5t oss n\u00e4r du sk\u00f6rdar din jord<br>och du sl\u00e4cker v\u00e5r t\u00f6rst med ditt vatten.<br>Du delar med oss varje dag som vi f\u00e5r.<br>Du gr\u00e5ter med oss n\u00e4r vi gr\u00e5ter.<br>Du vet hur vi har det, du vet hur vi m\u00e5r<br>och du tar oss i hand och f\u00f6rl\u00e5ter.<\/p>\n\n\n\n<figure class=\"wp-block-audio\"><audio controls src=\"https:\/\/www.epistel.se\/wp-content\/uploads\/2020\/09\/Vi_dukar_at_dig.mp3\"><\/audio><\/figure>\n\n\n\n<figure class=\"wp-block-image size-large\"><img decoding=\"async\" loading=\"lazy\" width=\"683\" height=\"1024\" src=\"https:\/\/www.epistel.se\/wp-content\/uploads\/2020\/09\/Vi_dukar_at_dig-683x1024.jpg\" alt=\"\" class=\"wp-image-474\" srcset=\"https:\/\/www.epistel.se\/wp-content\/uploads\/2020\/09\/Vi_dukar_at_dig-683x1024.jpg 683w, https:\/\/www.epistel.se\/wp-content\/uploads\/2020\/09\/Vi_dukar_at_dig-200x300.jpg 200w, https:\/\/www.epistel.se\/wp-content\/uploads\/2020\/09\/Vi_dukar_at_dig-768x1152.jpg 768w, https:\/\/www.epistel.se\/wp-content\/uploads\/2020\/09\/Vi_dukar_at_dig-1024x1536.jpg 1024w, https:\/\/www.epistel.se\/wp-content\/uploads\/2020\/09\/Vi_dukar_at_dig-1366x2048.jpg 1366w, https:\/\/www.epistel.se\/wp-content\/uploads\/2020\/09\/Vi_dukar_at_dig-766x1149.jpg 766w, https:\/\/www.epistel.se\/wp-content\/uploads\/2020\/09\/Vi_dukar_at_dig-scaled.jpg 1707w\" sizes=\"(max-width: 683px) 100vw, 683px\" \/><\/figure>\n","protected":false},"excerpt":{"rendered":"<p>Tjugonde s\u00f6ndagen efter trefaldighet | att leva tillsammans Inspirerad av Hebreerbrevet 13:2-3 Vi dukar \u00e5t dig n\u00e4r vi dukar v\u00e5rt bord.Vi b\u00e4ddar \u00e5t dig inf\u00f6r natten.Vi sk\u00f6rdar \u00e5t dig n\u00e4r vi sk\u00f6rdar v\u00e5r jordoch vi borrar \u00e5t dig efter vatten.Vi delar v\u00e5r dag och v\u00e5r v\u00e4rme med dig.Vi delar med dig v\u00e5ra t\u00e5rar.Vi sitter i [&hellip;]<\/p>\n","protected":false},"author":2,"featured_media":0,"parent":0,"menu_order":0,"comment_status":"closed","ping_status":"closed","template":"","meta":{"spay_email":""},"categories":[],"tags":[86,44],"_links":{"self":[{"href":"https:\/\/www.epistel.se\/index.php?rest_route=\/wp\/v2\/pages\/472"}],"collection":[{"href":"https:\/\/www.epistel.se\/index.php?rest_route=\/wp\/v2\/pages"}],"about":[{"href":"https:\/\/www.epistel.se\/index.php?rest_route=\/wp\/v2\/types\/page"}],"author":[{"embeddable":true,"href":"https:\/\/www.epistel.se\/index.php?rest_route=\/wp\/v2\/users\/2"}],"replies":[{"embeddable":true,"href":"https:\/\/www.epistel.se\/index.php?rest_route=%2Fwp%2Fv2%2Fcomments&post=472"}],"version-history":[{"count":1,"href":"https:\/\/www.epistel.se\/index.php?rest_route=\/wp\/v2\/pages\/472\/revisions"}],"predecessor-version":[{"id":475,"href":"https:\/\/www.epistel.se\/index.php?rest_route=\/wp\/v2\/pages\/472\/revisions\/475"}],"wp:attachment":[{"href":"https:\/\/www.epistel.se\/index.php?rest_route=%2Fwp%2Fv2%2Fmedia&parent=472"}],"wp:term":[{"taxonomy":"category","embeddable":true,"href":"https:\/\/www.epistel.se\/index.php?rest_route=%2Fwp%2Fv2%2Fcategories&post=472"},{"taxonomy":"post_tag","embeddable":true,"href":"https:\/\/www.epistel.se\/index.php?rest_route=%2Fwp%2Fv2%2Ftags&post=472"}],"curies":[{"name":"wp","href":"https:\/\/api.w.org\/{rel}","templated":true}]}}